{"id":1758,"date":"2024-10-22T17:26:25","date_gmt":"2024-10-22T17:26:25","guid":{"rendered":"https:\/\/emeraldlaseraz.com\/about\/"},"modified":"2024-11-07T00:41:14","modified_gmt":"2024-11-07T00:41:14","slug":"nosotros","status":"publish","type":"page","link":"https:\/\/emeraldlaseraz.com\/en\/nosotros\/","title":{"rendered":"About Us"},"content":{"rendered":"<div data-elementor-type=\"wp-page\" data-elementor-id=\"1758\" class=\"elementor elementor-1758\">\n\t\t\t\t<div class=\"elementor-element elementor-element-1317c08f e-con-full e-flex wpr-particle-no wpr-jarallax-no wpr-parallax-no wpr-sticky-section-no wpr-equal-height-no e-con e-parent\" data-id=\"1317c08f\" data-element_type=\"container\" data-e-type=\"container\">\n\t\t<div class=\"elementor-element elementor-element-6bf3945e e-con-full e-flex wpr-particle-no wpr-jarallax-no wpr-parallax-no wpr-sticky-section-no wpr-equal-height-no e-con e-child\" data-id=\"6bf3945e\" data-element_type=\"container\" data-e-type=\"container\">\n\t\t\t\t<div class=\"elementor-element elementor-element-258f778 elementor-widget elementor-widget-image\" data-id=\"258f778\" data-element_type=\"widget\" data-e-type=\"widget\" data-widget_type=\"image.default\">\n\t\t\t\t<div class=\"elementor-widget-container\">\n\t\t\t\t\t\t\t\t\t\t\t\t\t\t\t<img fetchpriority=\"high\" decoding=\"async\" width=\"1080\" height=\"1080\" src=\"https:\/\/emeraldlaseraz.com\/wp-content\/uploads\/2024\/11\/LOGO-VERDE-SIN-FONDO-copia.png\" class=\"attachment-full size-full wp-image-2029\" alt=\"\" srcset=\"https:\/\/emeraldlaseraz.com\/wp-content\/uploads\/2024\/11\/LOGO-VERDE-SIN-FONDO-copia.png 1080w, https:\/\/emeraldlaseraz.com\/wp-content\/uploads\/2024\/11\/LOGO-VERDE-SIN-FONDO-copia-300x300.png 300w, https:\/\/emeraldlaseraz.com\/wp-content\/uploads\/2024\/11\/LOGO-VERDE-SIN-FONDO-copia-1024x1024.png 1024w, https:\/\/emeraldlaseraz.com\/wp-content\/uploads\/2024\/11\/LOGO-VERDE-SIN-FONDO-copia-150x150.png 150w, https:\/\/emeraldlaseraz.com\/wp-content\/uploads\/2024\/11\/LOGO-VERDE-SIN-FONDO-copia-768x768.png 768w\" sizes=\"(max-width: 1080px) 100vw, 1080px\" \/>\t\t\t\t\t\t\t\t\t\t\t\t\t\t\t<\/div>\n\t\t\t\t<\/div>\n\t\t\t\t<\/div>\n\t\t<div class=\"elementor-element elementor-element-1d1ceeb7 e-con-full e-flex wpr-particle-no wpr-jarallax-no wpr-parallax-no wpr-sticky-section-no wpr-equal-height-no e-con e-child\" data-id=\"1d1ceeb7\" data-element_type=\"container\" data-e-type=\"container\">\n\t\t\t\t<div class=\"elementor-element elementor-element-5441cb66 elementor-widget elementor-widget-heading\" data-id=\"5441cb66\" data-element_type=\"widget\" data-e-type=\"widget\" data-widget_type=\"heading.default\">\n\t\t\t\t<div class=\"elementor-widget-container\">\n\t\t\t\t\t<h1 class=\"elementor-heading-title elementor-size-default\">About Us<\/h1>\t\t\t\t<\/div>\n\t\t\t\t<\/div>\n\t\t\t\t<div class=\"elementor-element elementor-element-6321f01 elementor-widget elementor-widget-text-editor\" data-id=\"6321f01\" data-element_type=\"widget\" data-e-type=\"widget\" data-widget_type=\"text-editor.default\">\n\t\t\t\t<div class=\"elementor-widget-container\">\n\t\t\t\t\t\t\t\t\t<p>Our studio is a place that offers excellent service and excellent results. We specialize in laser hair removal procedures and provide high-quality, affordable treatments using the latest technology and newest equipment and the wealth of experience of our laser technician.<\/p><p>We offer the best service for all skin types, even tanned skin, with a treatment\u00a0<span style=\"font-weight: bolder;\">fast and painless<\/span><\/p><p>We have highly trained staff and excellent customer service, ensuring that in addition to receiving a hair removal treatment, the client also has a pleasant experience.<\/p>\t\t\t\t\t\t\t\t<\/div>\n\t\t\t\t<\/div>\n\t\t\t\t<div class=\"elementor-element elementor-element-525cf065 elementor-view-default elementor-position-block-start elementor-mobile-position-block-start elementor-widget elementor-widget-icon-box\" data-id=\"525cf065\" data-element_type=\"widget\" data-e-type=\"widget\" data-widget_type=\"icon-box.default\">\n\t\t\t\t<div class=\"elementor-widget-container\">\n\t\t\t\t\t\t\t<div class=\"elementor-icon-box-wrapper\">\n\n\t\t\t\t\t\t<div class=\"elementor-icon-box-icon\">\n\t\t\t\t<span  class=\"elementor-icon\">\n\t\t\t\t<svg xmlns=\"http:\/\/www.w3.org\/2000\/svg\" id=\"a57ec174-ff38-4389-b9d2-4eba1269329a\" data-name=\"Layer 1\" width=\"82\" height=\"67\" viewbox=\"0 0 82 67\"><path d=\"M20.3643,32.1382q0-8.7154,3.2583-12.8008Q27.1524,14.98,34.212,14.98V0Q17.3775,0,8.6887,10.0772,0,19.8821,0,37.313A104.1284,104.1284,0,0,0,4.6159,67H36.1126V37.0406H20.3643Z\"><\/path><path d=\"M66.2517,37.0406V32.1382q0-8.7154,3.2583-12.8008Q73.04,14.98,80.0994,14.98V0Q63.265,0,54.5763,10.0772q-8.6888,9.8049-8.6889,27.2358A104.1319,104.1319,0,0,0,50.5033,67H82V37.0406Z\"><\/path><\/svg>\t\t\t\t<\/span>\n\t\t\t<\/div>\n\t\t\t\n\t\t\t\t\t\t<div class=\"elementor-icon-box-content\">\n\n\t\t\t\t\t\t\t\t\t<p class=\"elementor-icon-box-title\">\n\t\t\t\t\t\t<span  >\n\t\t\t\t\t\t\t\"Infinite softness, without pain or worries\"\t\t\t\t\t\t<\/span>\n\t\t\t\t\t<\/p>\n\t\t\t\t\n\t\t\t\t\t\t\t\t\t<p class=\"elementor-icon-box-description\">\n\t\t\t\t\t\tEmerald Laser Studio\t\t\t\t\t<\/p>\n\t\t\t\t\n\t\t\t<\/div>\n\t\t\t\n\t\t<\/div>\n\t\t\t\t\t\t<\/div>\n\t\t\t\t<\/div>\n\t\t\t\t<\/div>\n\t\t\t\t<\/div>\n\t\t<div class=\"elementor-element elementor-element-ae9e0e9 e-flex e-con-boxed wpr-particle-no wpr-jarallax-no wpr-parallax-no wpr-sticky-section-no wpr-equal-height-no e-con e-parent\" data-id=\"ae9e0e9\" data-element_type=\"container\" data-e-type=\"container\">\n\t\t\t\t\t<div class=\"e-con-inner\">\n\t\t\t\t<div class=\"elementor-element elementor-element-6f97127 elementor-widget elementor-widget-shortcode\" data-id=\"6f97127\" data-element_type=\"widget\" data-e-type=\"widget\" data-widget_type=\"shortcode.default\">\n\t\t\t\t<div class=\"elementor-widget-container\">\n\t\t\t\t\t\t\t<div class=\"elementor-shortcode\"><div class=\"sfsi_widget sfsi_shortcode_container\"><div class=\"norm_row sfsi_wDiv\"  style=\"width:225px;text-align:left;\"><div style='width:40px; height:40px;margin-left:5px;margin-bottom:5px; ' class='sfsi_wicons shuffeldiv' ><div class='inerCnt'><a class='sficn' data-effect='' target='_blank' rel='noopener'  href='https:\/\/www.facebook.com\/emerald.laser.az?mibextid=LQQJ4d&#038;rdid=7lkaAgFihxckAUM9&#038;share_url=https%3A%2F%2Fwww.facebook.com%2Fshare%2F5nrTUw4dmsce2Lqe%2F%3Fmibextid%3DLQQJ4d' id='sfsiid_facebook_icon' style='width:40px;height:40px;opacity:1;'  ><img data-pin-nopin='true' alt='Facebook' title='Facebook' src='https:\/\/emeraldlaseraz.com\/wp-content\/plugins\/ultimate-social-media-icons\/images\/icons_theme\/animated_icons\/animated_icons_facebook.gif' width='40' height='40' style='' class='sfcm sfsi_wicon' data-effect=''   \/><\/a><div class=\"sfsi_tool_tip_2 fb_tool_bdr sfsiTlleft\" style=\"opacity:0;z-index:-1;\" id=\"sfsiid_facebook\"><span class=\"bot_arow bot_fb_arow\"><\/span><div class=\"sfsi_inside\"><div  class='icon1'><a href='https:\/\/www.facebook.com\/emerald.laser.az?mibextid=LQQJ4d&#038;rdid=7lkaAgFihxckAUM9&#038;share_url=https%3A%2F%2Fwww.facebook.com%2Fshare%2F5nrTUw4dmsce2Lqe%2F%3Fmibextid%3DLQQJ4d' target='_blank' rel='noopener'><img data-pin-nopin='true' class='sfsi_wicon' alt='Facebook' title='Facebook' src='https:\/\/emeraldlaseraz.com\/wp-content\/plugins\/ultimate-social-media-icons\/images\/visit_icons\/Visit_us_fb\/icon_Visit_us_en_US.png' \/><\/a><\/div><div  class='icon2'><div class=\"fb-like\" width=\"200\" data-href=\"https%3A%2F%2Femeraldlaseraz.com%2Fen%2Fnosotros%2F\"  data-send=\"false\"  data-layout=\"button_count\"  ><\/div><\/div><\/div><\/div><\/div><\/div><div style='width:40px; height:40px;margin-left:5px;margin-bottom:5px; ' class='sfsi_wicons shuffeldiv' ><div class='inerCnt'><a class='sficn' data-effect='' target='_blank' rel='noopener'  href='https:\/\/www.instagram.com\/emerald.laser.az\/profilecard\/?igsh=MXkwb3pmcmJwbjhnYw%3D%3D' id='sfsiid_instagram_icon' style='width:40px;height:40px;opacity:1;'  ><img data-pin-nopin='true' alt='Instagram' title='Instagram' src='https:\/\/emeraldlaseraz.com\/wp-content\/plugins\/ultimate-social-media-icons\/images\/icons_theme\/animated_icons\/animated_icons_instagram.gif' width='40' height='40' style='' class='sfcm sfsi_wicon' data-effect=''   \/><\/a><\/div><\/div><div style='width:40px; height:40px;margin-left:5px;margin-bottom:5px; ' class='sfsi_wicons shuffeldiv' ><div class='inerCnt'><a class='sficn' data-effect='' target='_blank' rel='noopener'  href='https:\/\/www.tiktok.com\/@emerald.laser?_t=8r9d1TUVvwp&#038;_r=1' id='sfsiid_tiktok_icon' style='width:40px;height:40px;opacity:1;'  ><img data-pin-nopin='true' alt='Tiktok' title='Tiktok' src='https:\/\/emeraldlaseraz.com\/wp-content\/plugins\/ultimate-social-media-icons\/images\/icons_theme\/animated_icons\/animated_icons_tiktok.gif' width='40' height='40' style='' class='sfcm sfsi_wicon' data-effect=''   \/><\/a><\/div><\/div><\/div><div id=\"sfsi_holder\" class=\"sfsi_holders\" style=\"position: relative; float: left;width:100%;z-index:-1;\"><\/div><script>window.addEventListener(\"sfsi_functions_loaded\", function()\n\t\t\t{\n\t\t\t\tif (typeof sfsi_widget_set == \"function\") {\n\t\t\t\t\tsfsi_widget_set();\n\t\t\t\t}\n\t\t\t}); <\/script><div style=\"clear: both;\"><\/div><\/div><\/div>\n\t\t\t\t\t\t<\/div>\n\t\t\t\t<\/div>\n\t\t\t\t\t<\/div>\n\t\t\t\t<\/div>\n\t\t<div class=\"elementor-element elementor-element-1781089 e-con-full e-flex wpr-particle-no wpr-jarallax-no wpr-parallax-no wpr-sticky-section-no wpr-equal-height-no e-con e-parent\" data-id=\"1781089\" data-element_type=\"container\" data-e-type=\"container\" data-settings=\"{&quot;background_background&quot;:&quot;classic&quot;}\">\n\t\t<div class=\"elementor-element elementor-element-0190206 e-con-full e-flex wpr-particle-no wpr-jarallax-no wpr-parallax-no wpr-sticky-section-no wpr-equal-height-no e-con e-child\" data-id=\"0190206\" data-element_type=\"container\" data-e-type=\"container\">\n\t\t\t\t<div class=\"elementor-element elementor-element-8e94233 elementor-widget elementor-widget-heading\" data-id=\"8e94233\" data-element_type=\"widget\" data-e-type=\"widget\" data-widget_type=\"heading.default\">\n\t\t\t\t<div class=\"elementor-widget-container\">\n\t\t\t\t\t<h2 class=\"elementor-heading-title elementor-size-default\">You Can Trust Us<\/h2>\t\t\t\t<\/div>\n\t\t\t\t<\/div>\n\t\t\t\t<div class=\"elementor-element elementor-element-ff428ce elementor-widget elementor-widget-text-editor\" data-id=\"ff428ce\" data-element_type=\"widget\" data-e-type=\"widget\" data-widget_type=\"text-editor.default\">\n\t\t\t\t<div class=\"elementor-widget-container\">\n\t\t\t\t\t\t\t\t\t<p>We are the best at what we do<\/p>\t\t\t\t\t\t\t\t<\/div>\n\t\t\t\t<\/div>\n\t\t\t\t<div class=\"elementor-element elementor-element-f0598f0 elementor-invisible elementor-widget elementor-widget-button\" data-id=\"f0598f0\" data-element_type=\"widget\" data-e-type=\"widget\" data-settings=\"{&quot;_animation&quot;:&quot;fadeInDown&quot;}\" data-widget_type=\"button.default\">\n\t\t\t\t<div class=\"elementor-widget-container\">\n\t\t\t\t\t\t\t\t\t<div class=\"elementor-button-wrapper\">\n\t\t\t\t\t<a class=\"elementor-button elementor-button-link elementor-size-sm\" href=\"https:\/\/emeraldlaseraz.com\/en\/contacto\/\">\n\t\t\t\t\t\t<span class=\"elementor-button-content-wrapper\">\n\t\t\t\t\t\t\t\t\t<span class=\"elementor-button-text\">Book Now<\/span>\n\t\t\t\t\t<\/span>\n\t\t\t\t\t<\/a>\n\t\t\t\t<\/div>\n\t\t\t\t\t\t\t\t<\/div>\n\t\t\t\t<\/div>\n\t\t\t\t<\/div>\n\t\t\t\t<\/div>\n\t\t\t\t<\/div>","protected":false},"excerpt":{"rendered":"<p>Sobre Nosotros Nuestro estudio es un lugar que ofrece un servicio excelente y excelentes resultados. Nos especializamos en procedimientos de depilaci\u00f3n l\u00e1ser y brindamos tratamientos asequibles y de alta calidad utilizando la \u00faltima tecnolog\u00eda y el equipo m\u00e1s nuevo\u00a0y la gran experiencia de nuestra t\u00e9cnica l\u00e1ser. Ofrecemos el mejor servicio para todo tipo de piel, incluso piel bronceada, con un tratamiento\u00a0r\u00e1pido e indoloro. Contamos con personal altamente preparado y con una excelente atenci\u00f3n al cliente, asegurandonos de que aparte de recibir un tratamiento de depilaci\u00f3n tambi\u00e9n el cliente se lleva una agradable experiencia. \u201cSuavidad infinita, sin dolor ni preocupaciones\u201d Emerald Laser Studio Pon tu Confianza en Nosotros Somos los mejores en lo que hacemos Reserva Ahora<\/p>","protected":false},"author":1,"featured_media":0,"parent":0,"menu_order":0,"comment_status":"closed","ping_status":"closed","template":"elementor_header_footer","meta":{"_uag_custom_page_level_css":"","_joinchat":[],"footnotes":""},"class_list":["post-1758","page","type-page","status-publish","hentry"],"aioseo_notices":[],"uagb_featured_image_src":{"full":false,"thumbnail":false,"medium":false,"medium_large":false,"large":false,"1536x1536":false,"2048x2048":false,"trp-custom-language-flag":false},"uagb_author_info":{"display_name":"www.emeraldlaser.com@gmail.com","author_link":"https:\/\/emeraldlaseraz.com\/en\/author\/www-emeraldlaser-comgmail-com\/"},"uagb_comment_info":0,"uagb_excerpt":"Sobre Nosotros Nuestro estudio es un lugar que ofrece un servicio excelente y excelentes resultados. Nos especializamos en procedimientos de depilaci\u00f3n l\u00e1ser y brindamos tratamientos asequibles y de alta calidad utilizando la \u00faltima tecnolog\u00eda y el equipo m\u00e1s nuevo\u00a0y la gran experiencia de nuestra t\u00e9cnica l\u00e1ser. Ofrecemos el mejor servicio para todo tipo de piel,&hellip;","_links":{"self":[{"href":"https:\/\/emeraldlaseraz.com\/en\/wp-json\/wp\/v2\/pages\/1758"}],"collection":[{"href":"https:\/\/emeraldlaseraz.com\/en\/wp-json\/wp\/v2\/pages"}],"about":[{"href":"https:\/\/emeraldlaseraz.com\/en\/wp-json\/wp\/v2\/types\/page"}],"author":[{"embeddable":true,"href":"https:\/\/emeraldlaseraz.com\/en\/wp-json\/wp\/v2\/users\/1"}],"replies":[{"embeddable":true,"href":"https:\/\/emeraldlaseraz.com\/en\/wp-json\/wp\/v2\/comments?post=1758"}],"version-history":[{"count":35,"href":"https:\/\/emeraldlaseraz.com\/en\/wp-json\/wp\/v2\/pages\/1758\/revisions"}],"predecessor-version":[{"id":2153,"href":"https:\/\/emeraldlaseraz.com\/en\/wp-json\/wp\/v2\/pages\/1758\/revisions\/2153"}],"wp:attachment":[{"href":"https:\/\/emeraldlaseraz.com\/en\/wp-json\/wp\/v2\/media?parent=1758"}],"curies":[{"name":"wp","href":"https:\/\/api.w.org\/{rel}","templated":true}]}}